{"id":2,"date":"2016-05-10T03:48:21","date_gmt":"2016-05-10T03:48:21","guid":{"rendered":"http:\/\/reinartz-solar-invest.de\/?page_id=2"},"modified":"2019-09-11T15:04:30","modified_gmt":"2019-09-11T15:04:30","slug":"sample-page","status":"publish","type":"page","link":"https:\/\/reinartz-solar-invest.de\/","title":{"rendered":"Home"},"content":{"rendered":"<p>RSI projektiert und betreibt Photovoltaikanlagen.<\/p>\n<p>Beispiel 1: 100 KW- Anlage auf einer Industriehalle in Sprockh\u00f6vel<br \/>\nBeispiel 2: Kleine Anlage auf einem Privathaus in Bochum<\/p>\n<p>Beide Anlagen stehen auf, durch RSI, gemieteten Dachfl\u00e4chen.<br \/>\nSo kommen die Nutzer\/Bewohner des Geb\u00e4udes in den Genuss von g\u00fcnstigem<br \/>\nPV-Strom, ohne selber investieren zu m\u00fcssen.<\/p>\n<p>Wenn Sie eine Dachfl\u00e4che haben und eine PV-Anlage installieren wollen,<br \/>\nsenden Sie mir bitte eine Email mit folgenden Angaben:<\/p>\n<p>Name; Email; Adresse; Gr\u00f6\u00dfe der Dachfl\u00e4che in m\u00b2; Erl\u00e4uterungen; Fragen<\/p>\n<p><a href=\"mailto:info@rt-i.de\">info@rt-i.de<\/a><\/p>\n","protected":false},"excerpt":{"rendered":"<p>RSI projektiert und betreibt Photovoltaikanlagen. Beispiel 1: 100 KW- Anlage auf einer Industriehalle in Sprockh\u00f6vel Beispiel 2: Kleine Anlage auf einem Privathaus in Bochum Beide Anlagen stehen auf, durch RSI, gemieteten Dachfl\u00e4chen. So kommen die Nutzer\/Bewohner des Geb\u00e4udes in den Genuss von g\u00fcnstigem PV-Strom, ohne selber investieren zu m\u00fcssen. Wenn Sie eine Dachfl\u00e4che haben und [&hellip;]<\/p>\n","protected":false},"author":1,"featured_media":0,"parent":0,"menu_order":0,"comment_status":"closed","ping_status":"open","template":"","meta":{"footnotes":""},"class_list":["post-2","page","type-page","status-publish","hentry"],"_links":{"self":[{"href":"https:\/\/reinartz-solar-invest.de\/index.php?rest_route=\/wp\/v2\/pages\/2","targetHints":{"allow":["GET"]}}],"collection":[{"href":"https:\/\/reinartz-solar-invest.de\/index.php?rest_route=\/wp\/v2\/pages"}],"about":[{"href":"https:\/\/reinartz-solar-invest.de\/index.php?rest_route=\/wp\/v2\/types\/page"}],"author":[{"embeddable":true,"href":"https:\/\/reinartz-solar-invest.de\/index.php?rest_route=\/wp\/v2\/users\/1"}],"replies":[{"embeddable":true,"href":"https:\/\/reinartz-solar-invest.de\/index.php?rest_route=%2Fwp%2Fv2%2Fcomments&post=2"}],"version-history":[{"count":2,"href":"https:\/\/reinartz-solar-invest.de\/index.php?rest_route=\/wp\/v2\/pages\/2\/revisions"}],"predecessor-version":[{"id":17,"href":"https:\/\/reinartz-solar-invest.de\/index.php?rest_route=\/wp\/v2\/pages\/2\/revisions\/17"}],"wp:attachment":[{"href":"https:\/\/reinartz-solar-invest.de\/index.php?rest_route=%2Fwp%2Fv2%2Fmedia&parent=2"}],"curies":[{"name":"wp","href":"https:\/\/api.w.org\/{rel}","templated":true}]}}